{"id":16545,"date":"2017-11-30T23:34:33","date_gmt":"2017-11-30T22:34:33","guid":{"rendered":"https:\/\/urbient.milkshakebycati.com\/urbient\/"},"modified":"2022-03-09T10:47:59","modified_gmt":"2022-03-09T09:47:59","slug":"urbient","status":"publish","type":"page","link":"https:\/\/www.urbient.com\/ca\/urbient\/","title":{"rendered":"Urbient"},"content":{"rendered":"<p>[vc_row css_animation=&#8221;&#8221; row_type=&#8221;row&#8221; use_row_as_full_screen_section=&#8221;no&#8221; type=&#8221;grid&#8221; angled_section=&#8221;no&#8221; text_align=&#8221;left&#8221; background_image_as_pattern=&#8221;without_pattern&#8221; z_index=&#8221;&#8221;][vc_column][vc_empty_space height=&#8221;50px&#8221;][vc_column_text]<\/p>\n<h4 style=\"text-align: center;\"><span style=\"color: #333333;\">A Urbient cuidem de l&#8217;exterior que t&#8217;envolta, preservant cada detall.<\/span><\/h4>\n<h4 style=\"text-align: center;\"><span style=\"color: #333333;\">La nostra empresa est\u00e0 formada pels millors professionals en manteniment i cura de jardins.<\/span><\/h4>\n<h4 style=\"text-align: center;\"><span style=\"color: #333333;\">Comptam amb la maquin\u00e0ria m\u00e9s avan\u00e7ada i la tecnologia m\u00e9s moderna, per poder desenvolupar totes les tasques necess\u00e0ries en el teu entorn.<\/span><\/h4>\n<p>[\/vc_column_text][vc_empty_space height=&#8221;50px&#8221;][\/vc_column][\/vc_row][vc_row css_animation=&#8221;&#8221; row_type=&#8221;row&#8221; use_row_as_full_screen_section=&#8221;no&#8221; type=&#8221;grid&#8221; angled_section=&#8221;no&#8221; text_align=&#8221;left&#8221; background_image_as_pattern=&#8221;without_pattern&#8221; css=&#8221;.vc_custom_1516981745794{background-color: #f4f4f4 !important;}&#8221; z_index=&#8221;&#8221;][vc_column][vc_empty_space height=&#8221;50px&#8221;][vc_column_text]<\/p>\n<h2 style=\"text-align: center;\">A URBIENT ENS PREOCUPEM PER<\/h2>\n<p>[\/vc_column_text][vc_empty_space height=&#8221;40px&#8221;][vc_empty_space height=&#8221;40px&#8221;][vc_row_inner row_type=&#8221;row&#8221; type=&#8221;full_width&#8221; text_align=&#8221;left&#8221; css_animation=&#8221;&#8221;][vc_column_inner width=&#8221;1\/3&#8243;][vc_column_text]<span style=\"color: #74bf44;\"><a href=\"https:\/\/www.urbient.com\/wp-content\/uploads\/2018\/01\/Icono_corporativo_urbient_RGB-19-e1516980514303.png\"><img loading=\"lazy\" decoding=\"async\" class=\"alignnone wp-image-16491\" src=\"https:\/\/www.urbient.com\/wp-content\/uploads\/2018\/01\/Icono_corporativo_urbient_RGB-19-e1516980514303.png\" alt=\"\" width=\"40\" height=\"40\" \/><\/a>La <strong>TECNOLOGIA:<\/strong><\/span><br \/>\nComptem amb una aplicaci\u00f3 m\u00f2bil gratu\u00efta per als nostres clients, que els permet registrar, gestionar i fer un seguiment de les incid\u00e8ncies.[\/vc_column_text][\/vc_column_inner][vc_column_inner width=&#8221;1\/3&#8243;][vc_column_text]<span style=\"color: #74bf44;\"><a href=\"https:\/\/www.urbient.com\/wp-content\/uploads\/2018\/01\/Icono_corporativo_urbient_RGB-24-e1516980337567.png\"><img loading=\"lazy\" decoding=\"async\" class=\"alignnone wp-image-16486\" src=\"https:\/\/www.urbient.com\/wp-content\/uploads\/2018\/01\/Icono_corporativo_urbient_RGB-24-e1516980337567.png\" alt=\"\" width=\"40\" height=\"40\" \/><\/a>La <strong>INNOVACI\u00d3:<\/strong><\/span><br \/>\nComptem amb la maquin\u00e0ria m\u00e9s avan\u00e7ada en el sector. realitzem tractaments<br \/>\nfitosanitaris amb m\u00e0quines de endoter\u00e0pia que protegeixen als nostres clients de l&#8217;exposici\u00f3 a productes qu\u00edmics.[\/vc_column_text][\/vc_column_inner][vc_column_inner width=&#8221;1\/3&#8243;][vc_column_text]<span style=\"color: #74bf44;\"><a href=\"https:\/\/www.urbient.com\/wp-content\/uploads\/2018\/01\/Icono_corporativo_urbient_RGB-23-e1516980550141.png\"><img loading=\"lazy\" decoding=\"async\" class=\"alignnone wp-image-16495\" src=\"https:\/\/www.urbient.com\/wp-content\/uploads\/2018\/01\/Icono_corporativo_urbient_RGB-23-e1516980550141.png\" alt=\"\" width=\"40\" height=\"40\" \/><\/a>La <strong>SEGURETAT:<\/strong><\/span><br \/>\nApliquem uns estrictes protocols d&#8217;entrada i sortida en els nostres treballadors, per garantir la seguretat i legalitat de la propietat i els seus habitants.[\/vc_column_text][\/vc_column_inner][\/vc_row_inner][vc_empty_space height=&#8221;40px&#8221;][vc_row_inner row_type=&#8221;row&#8221; type=&#8221;full_width&#8221; text_align=&#8221;left&#8221; css_animation=&#8221;&#8221;][vc_column_inner width=&#8221;1\/3&#8243;][vc_column_text]<span style=\"color: #74bf44;\"><a href=\"https:\/\/www.urbient.com\/wp-content\/uploads\/2018\/01\/Icono_corporativo_urbient_RGB-22-e1516980541820.png\"><img loading=\"lazy\" decoding=\"async\" class=\"alignnone wp-image-16494\" src=\"https:\/\/www.urbient.com\/wp-content\/uploads\/2018\/01\/Icono_corporativo_urbient_RGB-22-e1516980541820.png\" alt=\"\" width=\"40\" height=\"40\" \/><\/a>El <strong>COMPROMIS:<\/strong>\u00a0<\/span><br \/>\nAmb l&#8217;objectiu de garantir-la igualtat d&#8217;oportunitats entre els nostres empleats i empleades, tenim un Pla d&#8217;Igualtat Corporativa.[\/vc_column_text][\/vc_column_inner][vc_column_inner width=&#8221;1\/3&#8243;][vc_column_text]<span style=\"color: #74bf44;\"><a href=\"https:\/\/www.urbient.com\/wp-content\/uploads\/2018\/01\/Icono_corporativo_urbient_RGB-26-e1516980567269.png\"><img loading=\"lazy\" decoding=\"async\" class=\"alignnone wp-image-16497\" src=\"https:\/\/www.urbient.com\/wp-content\/uploads\/2018\/01\/Icono_corporativo_urbient_RGB-26-e1516980567269.png\" alt=\"\" width=\"40\" height=\"40\" \/><\/a>La <strong>RESPONSABILITAT:<\/strong><\/span><br \/>\nApostem per l&#8217;\u00fas de productes biol\u00f2gics com a primera opci\u00f3. Utilitzem<br \/>\nproductes fitosanitaris quan \u00e9s estrictament necessari.[\/vc_column_text][\/vc_column_inner][vc_column_inner width=&#8221;1\/3&#8243;][vc_column_text]<span style=\"color: #74bf44;\"><a href=\"https:\/\/www.urbient.com\/wp-content\/uploads\/2018\/01\/Icono_corporativo_urbient_RGB-25-e1516980558628.png\"><img loading=\"lazy\" decoding=\"async\" class=\"alignnone wp-image-16496\" src=\"https:\/\/www.urbient.com\/wp-content\/uploads\/2018\/01\/Icono_corporativo_urbient_RGB-25-e1516980558628.png\" alt=\"\" width=\"40\" height=\"40\" \/><\/a>La <strong>SOSTENIBILITAT:<\/strong><\/span><br \/>\nFem servir maquin\u00e0ria el\u00e8ctrica (bateries). Respectu\u00f3s amb el medi ambient i la contaminaci\u00f3 ac\u00fastica.[\/vc_column_text][\/vc_column_inner][\/vc_row_inner][vc_empty_space height=&#8221;40px&#8221;][vc_row_inner row_type=&#8221;row&#8221; type=&#8221;full_width&#8221; text_align=&#8221;left&#8221; css_animation=&#8221;&#8221;][vc_column_inner width=&#8221;1\/3&#8243;][vc_column_text]<span style=\"color: #74bf44;\"><a href=\"https:\/\/www.urbient.com\/wp-content\/uploads\/2018\/01\/Icono_corporativo_urbient_RGB-21-e1516980533486.png\"><img loading=\"lazy\" decoding=\"async\" class=\"alignnone wp-image-16493\" src=\"https:\/\/www.urbient.com\/wp-content\/uploads\/2018\/01\/Icono_corporativo_urbient_RGB-21-e1516980533486.png\" alt=\"\" width=\"40\" height=\"40\" \/><\/a>El <strong>CULTIU:<\/strong>\u00a0<\/span><br \/>\nGarantim la qualitat de les plantes a trav\u00e9s del cultiu i manteniment en<br \/>\nnostre propi viver.[\/vc_column_text][\/vc_column_inner][vc_column_inner width=&#8221;1\/3&#8243;][vc_column_text]<span style=\"color: #74bf44;\"><a href=\"https:\/\/www.urbient.com\/wp-content\/uploads\/2018\/01\/Icono_corporativo_urbient_RGB-18-e1516980502332.png\"><img loading=\"lazy\" decoding=\"async\" class=\"alignnone wp-image-16490\" src=\"https:\/\/www.urbient.com\/wp-content\/uploads\/2018\/01\/Icono_corporativo_urbient_RGB-18-e1516980502332.png\" alt=\"\" width=\"40\" height=\"40\" \/><\/a>La <strong>LOG\u00cdSTICA:<\/strong><\/span><br \/>\nFem servir procediments t\u00e8cnics mesurats i validats en tots els nostres<br \/>\nserveis.[\/vc_column_text][\/vc_column_inner][vc_column_inner width=&#8221;1\/3&#8243;][vc_column_text]<span style=\"color: #74bf44;\"><a href=\"https:\/\/www.urbient.com\/wp-content\/uploads\/2018\/01\/Icono_corporativo_urbient_RGB-20-e1516980523575.png\"><img loading=\"lazy\" decoding=\"async\" class=\"alignnone wp-image-16492\" src=\"https:\/\/www.urbient.com\/wp-content\/uploads\/2018\/01\/Icono_corporativo_urbient_RGB-20-e1516980523575.png\" alt=\"\" width=\"40\" height=\"40\" \/><\/a>L&#8217;\u00a0<strong>ATENCI\u00d3 AL CLIENT:<\/strong><\/span><br \/>\nTracte, gesti\u00f3 i visites personalitzades.[\/vc_column_text][\/vc_column_inner][\/vc_row_inner][vc_empty_space height=&#8221;40px&#8221;][\/vc_column][\/vc_row][vc_row css_animation=&#8221;&#8221; row_type=&#8221;row&#8221; use_row_as_full_screen_section=&#8221;no&#8221; type=&#8221;full_width&#8221; angled_section=&#8221;no&#8221; text_align=&#8221;left&#8221; background_image_as_pattern=&#8221;without_pattern&#8221; css=&#8221;.vc_custom_1521064139890{background-color: #f4f4f4 !important;}&#8221; z_index=&#8221;&#8221;][vc_column][vc_empty_space height=&#8221;40px&#8221;][vc_empty_space height=&#8221;40px&#8221;][\/vc_column][\/vc_row][vc_row css_animation=&#8221;&#8221; row_type=&#8221;row&#8221; use_row_as_full_screen_section=&#8221;no&#8221; type=&#8221;grid&#8221; angled_section=&#8221;no&#8221; text_align=&#8221;left&#8221; background_image_as_pattern=&#8221;without_pattern&#8221; z_index=&#8221;&#8221; css=&#8221;.vc_custom_1521064151474{background-color: #f4f4f4 !important;}&#8221;][vc_column width=&#8221;2\/3&#8243;][vc_column_text]<\/p>\n<h3><span style=\"color: #6786b8;\"><strong><span style=\"color: #6786b8;\">CERTIFICATS<\/span> EN:<\/strong><\/span><\/h3>\n<p>[\/vc_column_text][vc_row_inner row_type=&#8221;row&#8221; type=&#8221;full_width&#8221; text_align=&#8221;left&#8221; css_animation=&#8221;&#8221;][vc_column_inner width=&#8221;1\/3&#8243;][vc_empty_space height=&#8221;10px&#8221;][vc_single_image image=&#8221;16502&#8243; img_size=&#8221;medium&#8221; qode_css_animation=&#8221;&#8221;][\/vc_column_inner][vc_column_inner width=&#8221;1\/3&#8243;][vc_single_image image=&#8221;16501&#8243; img_size=&#8221;medium&#8221; qode_css_animation=&#8221;&#8221;][\/vc_column_inner][vc_column_inner width=&#8221;1\/3&#8243;][vc_single_image image=&#8221;16500&#8243; img_size=&#8221;medium&#8221; qode_css_animation=&#8221;&#8221;][\/vc_column_inner][\/vc_row_inner][vc_empty_space height=&#8221;40px&#8221;][\/vc_column][vc_column width=&#8221;1\/3&#8243;][vc_column_text]<\/p>\n<h3><span style=\"color: #6786b8;\"><strong>INSCRITS EN EL ROPO:<\/strong><\/span><\/h3>\n<p>[\/vc_column_text][vc_single_image image=&#8221;16504&#8243; img_size=&#8221;full&#8221; qode_css_animation=&#8221;&#8221;][vc_empty_space height=&#8221;40px&#8221;][\/vc_column][\/vc_row][vc_row css_animation=&#8221;&#8221; row_type=&#8221;row&#8221; use_row_as_full_screen_section=&#8221;no&#8221; type=&#8221;grid&#8221; angled_section=&#8221;no&#8221; text_align=&#8221;left&#8221; background_image_as_pattern=&#8221;without_pattern&#8221; z_index=&#8221;&#8221;][vc_column][vc_empty_space height=&#8221;40px&#8221;][vc_empty_space height=&#8221;40px&#8221;][\/vc_column][\/vc_row][vc_row css_animation=&#8221;&#8221; row_type=&#8221;row&#8221; use_row_as_full_screen_section=&#8221;no&#8221; type=&#8221;full_width&#8221; angled_section=&#8221;no&#8221; text_align=&#8221;left&#8221; background_image_as_pattern=&#8221;without_pattern&#8221;][vc_column][vc_column_text]<\/p>\n<h1 style=\"text-align: center;\"><span style=\"color: #74bf44;\"><em>Som Urbient<a href=\"https:\/\/www.urbient.com\/wp-content\/uploads\/2018\/02\/logotipo-urbient-RGB-01-06.png\"><img loading=\"lazy\" decoding=\"async\" class=\"alignnone wp-image-16602\" src=\"https:\/\/www.urbient.com\/wp-content\/uploads\/2018\/02\/logotipo-urbient-RGB-01-06.png\" alt=\"\" width=\"60\" height=\"56\" \/><\/a><\/em><\/span><\/h1>\n<p>[\/vc_column_text][vc_empty_space height=&#8221;40px&#8221;][\/vc_column][\/vc_row][vc_row css_animation=&#8221;&#8221; row_type=&#8221;row&#8221; use_row_as_full_screen_section=&#8221;no&#8221; type=&#8221;grid&#8221; angled_section=&#8221;no&#8221; text_align=&#8221;left&#8221; background_image_as_pattern=&#8221;without_pattern&#8221; z_index=&#8221;&#8221;][vc_column][vc_empty_space height=&#8221;40px&#8221;][vc_empty_space height=&#8221;40px&#8221;][\/vc_column][\/vc_row]<\/p>\n","protected":false},"excerpt":{"rendered":"<p>[vc_row css_animation=&#8221;&#8221; row_type=&#8221;row&#8221; use_row_as_full_screen_section=&#8221;no&#8221; type=&#8221;grid&#8221; angled_section=&#8221;no&#8221; text_align=&#8221;left&#8221; background_image_as_pattern=&#8221;without_pattern&#8221; z_index=&#8221;&#8221;][vc_column][vc_empty_space height=&#8221;50px&#8221;][vc_column_text] A Urbient cuidem de l&#8217;exterior que t&#8217;envolta, preservant cada detall. La nostra empresa est\u00e0 formada pels millors professionals en manteniment i cura de jardins. Comptam amb la maquin\u00e0ria m\u00e9s avan\u00e7ada i la tecnologia m\u00e9s moderna,&#8230;<\/p>\n","protected":false},"author":2,"featured_media":0,"parent":0,"menu_order":0,"comment_status":"closed","ping_status":"closed","template":"full_width.php","meta":{"footnotes":""},"class_list":["post-16545","page","type-page","status-publish","hentry"],"_links":{"self":[{"href":"https:\/\/www.urbient.com\/ca\/wp-json\/wp\/v2\/pages\/16545","targetHints":{"allow":["GET"]}}],"collection":[{"href":"https:\/\/www.urbient.com\/ca\/wp-json\/wp\/v2\/pages"}],"about":[{"href":"https:\/\/www.urbient.com\/ca\/wp-json\/wp\/v2\/types\/page"}],"author":[{"embeddable":true,"href":"https:\/\/www.urbient.com\/ca\/wp-json\/wp\/v2\/users\/2"}],"replies":[{"embeddable":true,"href":"https:\/\/www.urbient.com\/ca\/wp-json\/wp\/v2\/comments?post=16545"}],"version-history":[{"count":3,"href":"https:\/\/www.urbient.com\/ca\/wp-json\/wp\/v2\/pages\/16545\/revisions"}],"predecessor-version":[{"id":16870,"href":"https:\/\/www.urbient.com\/ca\/wp-json\/wp\/v2\/pages\/16545\/revisions\/16870"}],"wp:attachment":[{"href":"https:\/\/www.urbient.com\/ca\/wp-json\/wp\/v2\/media?parent=16545"}],"curies":[{"name":"wp","href":"https:\/\/api.w.org\/{rel}","templated":true}]}}