{"id":17709,"date":"2023-04-28T11:19:33","date_gmt":"2023-04-28T10:19:33","guid":{"rendered":"https:\/\/www.urbient.com\/?page_id=17709"},"modified":"2023-04-28T11:19:33","modified_gmt":"2023-04-28T10:19:33","slug":"blog-urbient","status":"publish","type":"page","link":"https:\/\/www.urbient.com\/ca\/blog-urbient\/","title":{"rendered":"Blog Urbient"},"content":{"rendered":"<p>[vc_row css_animation=&#8221;&#8221; row_type=&#8221;row&#8221; use_row_as_full_screen_section=&#8221;no&#8221; type=&#8221;full_width&#8221; angled_section=&#8221;no&#8221; text_align=&#8221;left&#8221; background_image_as_pattern=&#8221;without_pattern&#8221;][vc_column]<div class='q_masonry_blog'><div class=\"q_masonry_blog_grid_sizer\"><\/div><div class=\"q_masonry_blog_grid_gutter\"><\/div><article  class='post-17755 post type-post status-publish format-standard has-post-thumbnail hentry category-uncategorized-ca '><div class=\"q_masonry_blog_post_image\"><a itemprop=\"url\" href=\"https:\/\/www.urbient.com\/ca\/urbient-realitza-el-manteniment-de-lautovia-ma-13-dalcudia\/\" target=\"_self\"><img decoding=\"async\" itemprop=\"image\" src=\"https:\/\/www.urbient.com\/wp-content\/uploads\/2023\/11\/R.jpeg\" \/><\/a><\/div><div class=\"q_masonry_blog_post_text\"><h2 itemprop=\"name\" class=\"q_masonry_blog_title entry_title\"><a itemprop=\"url\" href=\"https:\/\/www.urbient.com\/ca\/urbient-realitza-el-manteniment-de-lautovia-ma-13-dalcudia\/\">Urbient realitza el manteniment de l&#8217;autovia MA-13 d&#8217;Alc\u00fadia<\/a><\/h2><p itemprop=\"description\" class=\"q_masonry_blog_excerpt\">La MA-13, \u00e9s l&#8217;autopista de Mallorca que uneix la badia de Palma amb la badia d&#8217;Alc\u00fadia travessant la comarca de Raiguer. Comen\u00e7a en el quil\u00f2metre 3 de la Via de Cintura i acaba a Sa Pobla. Des d&#8217;el mes d&#8217;agost passat, es va comen\u00e7ar amb......<\/p><div class=\"q_masonry_blog_post_info\"><span itemprop=\"dateCreated\" class=\"time entry_date updated\">10 novembre, 2023<meta itemprop=\"interactionCount\" content=\"UserComments: <?php echo get_comments_number(qode_get_page_id()); ?>\"\/><\/span><\/div><\/div><\/article><article  class='post-17744 post type-post status-publish format-standard has-post-thumbnail hentry category-uncategorized-ca '><div class=\"q_masonry_blog_post_image\"><a itemprop=\"url\" href=\"https:\/\/www.urbient.com\/ca\/la-poda-de-les-palmeres-un-treball-indispensable\/\" target=\"_self\"><img decoding=\"async\" itemprop=\"image\" src=\"https:\/\/www.urbient.com\/wp-content\/uploads\/2023\/08\/alex-tokuda-Z0L-yG5WhGI-unsplash-3-scaled.jpg\" \/><\/a><\/div><div class=\"q_masonry_blog_post_text\"><h2 itemprop=\"name\" class=\"q_masonry_blog_title entry_title\"><a itemprop=\"url\" href=\"https:\/\/www.urbient.com\/ca\/la-poda-de-les-palmeres-un-treball-indispensable\/\">La poda de les palmeres, un treball indispensable<\/a><\/h2><p itemprop=\"description\" class=\"q_masonry_blog_excerpt\">Per al municipi de Llucmajor, la cura del seu entorn \u00e9s molt important i \u00e9s per aix\u00f2 que, des de fa anys, que compten amb Urbient per a la cura de les seves palmeres. Com a curiositat esmentar que el nom del municipi significa \u201cbosc......<\/p><div class=\"q_masonry_blog_post_info\"><span itemprop=\"dateCreated\" class=\"time entry_date updated\">24 agost, 2023<meta itemprop=\"interactionCount\" content=\"UserComments: <?php echo get_comments_number(qode_get_page_id()); ?>\"\/><\/span><\/div><\/div><\/article><article  class='post-17724 post type-post status-publish format-standard has-post-thumbnail hentry category-uncategorized-ca '><div class=\"q_masonry_blog_post_image\"><a itemprop=\"url\" href=\"https:\/\/www.urbient.com\/ca\/la-xerojardineria-clau-en-el-nou-passeig-maritim-de-palma\/\" target=\"_self\"><img decoding=\"async\" itemprop=\"image\" src=\"https:\/\/www.urbient.com\/wp-content\/uploads\/2023\/06\/projecte-passeig-maritim-21-1340x701-1.jpg\" \/><\/a><\/div><div class=\"q_masonry_blog_post_text\"><h2 itemprop=\"name\" class=\"q_masonry_blog_title entry_title\"><a itemprop=\"url\" href=\"https:\/\/www.urbient.com\/ca\/la-xerojardineria-clau-en-el-nou-passeig-maritim-de-palma\/\">La xerojardineria, clau en el Nou Passeig Mar\u00edtim de Palma<\/a><\/h2><p itemprop=\"description\" class=\"q_masonry_blog_excerpt\">La sostenibilitat \u00e9s una de les prioritats de la reforma del passeig Mar\u00edtim de Palma. Potenciar el component ecol\u00f2gic de la nova obra i convertir el projecte en una proposta verda \u00e9s un dels objectius predominants d&#8217;aquesta intervenci\u00f3 urbana en marxa que t\u00e9 prevista la......<\/p><div class=\"q_masonry_blog_post_info\"><span itemprop=\"dateCreated\" class=\"time entry_date updated\">28 juny, 2023<meta itemprop=\"interactionCount\" content=\"UserComments: <?php echo get_comments_number(qode_get_page_id()); ?>\"\/><\/span><\/div><\/div><\/article><article  class='post-17715 post type-post status-publish format-standard has-post-thumbnail hentry category-blog-cat '><div class=\"q_masonry_blog_post_image\"><a itemprop=\"url\" href=\"https:\/\/www.urbient.com\/ca\/urbient-participa-en-les-feines-de-neteja-de-carreteres-despres-de-la-borrasca-juliette\/\" target=\"_self\"><img decoding=\"async\" itemprop=\"image\" src=\"https:\/\/www.urbient.com\/wp-content\/uploads\/2023\/04\/limpieza-urbient-1.jpg\" \/><\/a><\/div><div class=\"q_masonry_blog_post_text\"><h2 itemprop=\"name\" class=\"q_masonry_blog_title entry_title\"><a itemprop=\"url\" href=\"https:\/\/www.urbient.com\/ca\/urbient-participa-en-les-feines-de-neteja-de-carreteres-despres-de-la-borrasca-juliette\/\">Urbient participa en les feines de neteja de carreteres despr\u00e9s de la borrasca Juliette<\/a><\/h2><p itemprop=\"description\" class=\"q_masonry_blog_excerpt\">La neu acumulada, als arbres i les roques caigudes sobre la cal\u00e7ada i el desbordament de torrents per la borrasca Juliette, va paralitzar les carreteres de Mallorca durant el passat mes de mar\u00e7. Arbres arrencats per l&#8217;arrel, grans quantitats de neu i l&#8217;inici del desgla\u00e7......<\/p><div class=\"q_masonry_blog_post_info\"><span itemprop=\"dateCreated\" class=\"time entry_date updated\">28 abril, 2023<meta itemprop=\"interactionCount\" content=\"UserComments: <?php echo get_comments_number(qode_get_page_id()); ?>\"\/><\/span><\/div><\/div><\/article><article  class='post-17713 post type-post status-publish format-standard has-post-thumbnail hentry category-blog-cat '><div class=\"q_masonry_blog_post_image\"><a itemprop=\"url\" href=\"https:\/\/www.urbient.com\/ca\/urbient-i-alua-hotels-firmen-un-acord-de-col%c2%b7laboracio-per-al-manteniment-dels-seus-espais-verds\/\" target=\"_self\"><img decoding=\"async\" itemprop=\"image\" src=\"https:\/\/www.urbient.com\/wp-content\/uploads\/2023\/04\/ZOEHM-EXT-Aerial-RSRT-logo.jpg\" \/><\/a><\/div><div class=\"q_masonry_blog_post_text\"><h2 itemprop=\"name\" class=\"q_masonry_blog_title entry_title\"><a itemprop=\"url\" href=\"https:\/\/www.urbient.com\/ca\/urbient-i-alua-hotels-firmen-un-acord-de-col%c2%b7laboracio-per-al-manteniment-dels-seus-espais-verds\/\">Urbient i Alua Hotels firmen un acord de col\u00b7laboraci\u00f3 per al manteniment dels seus espais verds<\/a><\/h2><p itemprop=\"description\" class=\"q_masonry_blog_excerpt\">Vetllar per la correcta gesti\u00f3 i el manteniment d&#8217;exteriors naturals sempre ha estat una de les nostres principals prioritats. Per aix\u00f2, estem molt contents d&#8217;anunciar que hem arribat a un acord de col\u00b7laboraci\u00f3 amb la companyia hotelera Alua Hotels per al manteniment integral de les......<\/p><div class=\"q_masonry_blog_post_info\"><span itemprop=\"dateCreated\" class=\"time entry_date updated\">28 abril, 2023<meta itemprop=\"interactionCount\" content=\"UserComments: <?php echo get_comments_number(qode_get_page_id()); ?>\"\/><\/span><\/div><\/div><\/article><\/div>[\/vc_column][\/vc_row]<\/p>\n","protected":false},"excerpt":{"rendered":"<p>[vc_row css_animation=&#8221;&#8221; row_type=&#8221;row&#8221; use_row_as_full_screen_section=&#8221;no&#8221; type=&#8221;full_width&#8221; angled_section=&#8221;no&#8221; text_align=&#8221;left&#8221; background_image_as_pattern=&#8221;without_pattern&#8221;][vc_column][\/vc_column][\/vc_row]<\/p>\n","protected":false},"author":3,"featured_media":0,"parent":0,"menu_order":0,"comment_status":"closed","ping_status":"closed","template":"","meta":{"footnotes":""},"class_list":["post-17709","page","type-page","status-publish","hentry"],"_links":{"self":[{"href":"https:\/\/www.urbient.com\/ca\/wp-json\/wp\/v2\/pages\/17709","targetHints":{"allow":["GET"]}}],"collection":[{"href":"https:\/\/www.urbient.com\/ca\/wp-json\/wp\/v2\/pages"}],"about":[{"href":"https:\/\/www.urbient.com\/ca\/wp-json\/wp\/v2\/types\/page"}],"author":[{"embeddable":true,"href":"https:\/\/www.urbient.com\/ca\/wp-json\/wp\/v2\/users\/3"}],"replies":[{"embeddable":true,"href":"https:\/\/www.urbient.com\/ca\/wp-json\/wp\/v2\/comments?post=17709"}],"version-history":[{"count":1,"href":"https:\/\/www.urbient.com\/ca\/wp-json\/wp\/v2\/pages\/17709\/revisions"}],"predecessor-version":[{"id":17711,"href":"https:\/\/www.urbient.com\/ca\/wp-json\/wp\/v2\/pages\/17709\/revisions\/17711"}],"wp:attachment":[{"href":"https:\/\/www.urbient.com\/ca\/wp-json\/wp\/v2\/media?parent=17709"}],"curies":[{"name":"wp","href":"https:\/\/api.w.org\/{rel}","templated":true}]}}